{"id":99,"date":"2025-07-25T00:32:05","date_gmt":"2025-07-24T22:32:05","guid":{"rendered":"http:\/\/hunosinka.com\/?post_type=product&#038;p=99"},"modified":"2025-07-25T00:32:41","modified_gmt":"2025-07-24T22:32:41","slug":"kalifrut-bioestimulante-para-cacao","status":"publish","type":"product","link":"https:\/\/hunosinka.com\/?product=kalifrut-bioestimulante-para-cacao","title":{"rendered":"KALIFRUT &#8211; Bioestimulante para Cacao"},"content":{"rendered":"<p><strong data-start=\"1943\" data-end=\"1955\">KALIFRUT<\/strong> es un bioestimulante natural dise\u00f1ado para mejorar el cuajado, el amarre y la firmeza de los frutos, especialmente en cultivos de <strong data-start=\"2086\" data-end=\"2095\">cacao<\/strong>. Aplicaci\u00f3n por aspersi\u00f3n foliar con dosis de 1L por cilindro. Favorece la floraci\u00f3n, reduce aborto floral y mejora la calidad de la producci\u00f3n.<br data-start=\"2240\" data-end=\"2243\" \/><strong data-start=\"2243\" data-end=\"2257\">Contenido:<\/strong> 1 Litro<\/p>\n","protected":false},"excerpt":{"rendered":"<p>Bioestimulante para mejorar cuajado y desarrollo de frutos. Ideal en cacao.<\/p>\n","protected":false},"featured_media":100,"comment_status":"open","ping_status":"closed","template":"","meta":[],"product_brand":[],"product_cat":[18],"product_tag":[],"class_list":{"0":"post-99","1":"product","2":"type-product","3":"status-publish","4":"has-post-thumbnail","6":"product_cat-agroquimicos","8":"first","9":"instock","10":"sale","11":"taxable","12":"shipping-taxable","13":"purchasable","14":"product-type-simple"},"_links":{"self":[{"href":"https:\/\/hunosinka.com\/index.php?rest_route=\/wp\/v2\/product\/99","targetHints":{"allow":["GET"]}}],"collection":[{"href":"https:\/\/hunosinka.com\/index.php?rest_route=\/wp\/v2\/product"}],"about":[{"href":"https:\/\/hunosinka.com\/index.php?rest_route=\/wp\/v2\/types\/product"}],"replies":[{"embeddable":true,"href":"https:\/\/hunosinka.com\/index.php?rest_route=%2Fwp%2Fv2%2Fcomments&post=99"}],"wp:featuredmedia":[{"embeddable":true,"href":"https:\/\/hunosinka.com\/index.php?rest_route=\/wp\/v2\/media\/100"}],"wp:attachment":[{"href":"https:\/\/hunosinka.com\/index.php?rest_route=%2Fwp%2Fv2%2Fmedia&parent=99"}],"wp:term":[{"taxonomy":"product_brand","embeddable":true,"href":"https:\/\/hunosinka.com\/index.php?rest_route=%2Fwp%2Fv2%2Fproduct_brand&post=99"},{"taxonomy":"product_cat","embeddable":true,"href":"https:\/\/hunosinka.com\/index.php?rest_route=%2Fwp%2Fv2%2Fproduct_cat&post=99"},{"taxonomy":"product_tag","embeddable":true,"href":"https:\/\/hunosinka.com\/index.php?rest_route=%2Fwp%2Fv2%2Fproduct_tag&post=99"}],"curies":[{"name":"wp","href":"https:\/\/api.w.org\/{rel}","templated":true}]}}