{"id":69,"date":"2025-07-25T00:08:46","date_gmt":"2025-07-24T22:08:46","guid":{"rendered":"http:\/\/hunosinka.com\/?post_type=product&#038;p=69"},"modified":"2025-11-16T23:56:05","modified_gmt":"2025-11-16T22:56:05","slug":"cosechadora-zukai-350-3d","status":"publish","type":"product","link":"https:\/\/hunosinka.com\/?product=cosechadora-zukai-350-3d","title":{"rendered":"Cosechadora Zukai 350 3D"},"content":{"rendered":"<p data-start=\"177\" data-end=\"538\">La <strong data-start=\"197\" data-end=\"210\">Zukai 350<\/strong> es una cosechadora compacta y eficiente, dise\u00f1ada para maximizar la productividad en campos de arroz, trigo y otros cereales. Gracias a su dise\u00f1o moderno y tecnolog\u00eda avanzada, permite una recolecci\u00f3n r\u00e1pida, limpia y con menor p\u00e9rdida de grano. Ideal para peque\u00f1os y medianos agricultores que buscan rendimiento y durabilidad.<\/p>\n<p data-start=\"540\" data-end=\"560\"><strong data-start=\"540\" data-end=\"560\">Caracter\u00edsticas:<\/strong><\/p>\n<ul data-start=\"561\" data-end=\"668\">\n<li data-start=\"561\" data-end=\"589\">\n<p data-start=\"563\" data-end=\"589\">Alta eficiencia de cosecha<\/p>\n<\/li>\n<li data-start=\"590\" data-end=\"607\">\n<p data-start=\"592\" data-end=\"607\">F\u00e1cil de operar<\/p>\n<\/li>\n<li data-start=\"608\" data-end=\"637\">\n<p data-start=\"610\" data-end=\"637\">Bajo consumo de combustible<\/p>\n<\/li>\n<li data-start=\"638\" data-end=\"668\">\n<p data-start=\"640\" data-end=\"668\">Dise\u00f1o robusto y maniobrable<\/p>\n<\/li>\n<\/ul>\n","protected":false},"excerpt":{"rendered":"<p>Cosechadora compacta ideal para arroz y trigo. Alta eficiencia y bajo consumo.<\/p>\n","protected":false},"featured_media":82,"comment_status":"open","ping_status":"closed","template":"","meta":[],"product_brand":[],"product_cat":[19,16],"product_tag":[],"class_list":{"0":"post-69","1":"product","2":"type-product","3":"status-publish","4":"has-post-thumbnail","6":"product_cat-maquinarias-agricolas","7":"product_cat-tecnologia","9":"first","10":"instock","11":"taxable","12":"shipping-taxable","13":"product-type-simple"},"_links":{"self":[{"href":"https:\/\/hunosinka.com\/index.php?rest_route=\/wp\/v2\/product\/69","targetHints":{"allow":["GET"]}}],"collection":[{"href":"https:\/\/hunosinka.com\/index.php?rest_route=\/wp\/v2\/product"}],"about":[{"href":"https:\/\/hunosinka.com\/index.php?rest_route=\/wp\/v2\/types\/product"}],"replies":[{"embeddable":true,"href":"https:\/\/hunosinka.com\/index.php?rest_route=%2Fwp%2Fv2%2Fcomments&post=69"}],"wp:featuredmedia":[{"embeddable":true,"href":"https:\/\/hunosinka.com\/index.php?rest_route=\/wp\/v2\/media\/82"}],"wp:attachment":[{"href":"https:\/\/hunosinka.com\/index.php?rest_route=%2Fwp%2Fv2%2Fmedia&parent=69"}],"wp:term":[{"taxonomy":"product_brand","embeddable":true,"href":"https:\/\/hunosinka.com\/index.php?rest_route=%2Fwp%2Fv2%2Fproduct_brand&post=69"},{"taxonomy":"product_cat","embeddable":true,"href":"https:\/\/hunosinka.com\/index.php?rest_route=%2Fwp%2Fv2%2Fproduct_cat&post=69"},{"taxonomy":"product_tag","embeddable":true,"href":"https:\/\/hunosinka.com\/index.php?rest_route=%2Fwp%2Fv2%2Fproduct_tag&post=69"}],"curies":[{"name":"wp","href":"https:\/\/api.w.org\/{rel}","templated":true}]}}