{"id":277,"date":"2025-09-06T06:58:04","date_gmt":"2025-09-06T04:58:04","guid":{"rendered":"http:\/\/hunosinka.com\/?post_type=product&#038;p=277"},"modified":"2025-09-06T06:58:05","modified_gmt":"2025-09-06T04:58:05","slug":"picadoras-de-forraje-jf-30p-y-jf-40","status":"publish","type":"product","link":"https:\/\/hunosinka.com\/?product=picadoras-de-forraje-jf-30p-y-jf-40","title":{"rendered":"Picadoras de Forraje JF 30P y JF 40"},"content":{"rendered":"<p data-start=\"463\" data-end=\"733\">Las <strong data-start=\"467\" data-end=\"507\">Picadoras de Forraje JF 30P y JF 40P<\/strong> est\u00e1n dise\u00f1adas para picar todo tipo de productos verdes con gran capacidad y eficiencia. Son la soluci\u00f3n econ\u00f3mica y confiable para productores que necesitan alimentar a su ganado diariamente con forraje fresco o ensilado.<\/p>\n<ul data-start=\"735\" data-end=\"1495\">\n<li data-start=\"735\" data-end=\"967\">\n<p data-start=\"737\" data-end=\"763\"><strong data-start=\"737\" data-end=\"761\">Modelos disponibles:<\/strong><\/p>\n<ul data-start=\"766\" data-end=\"967\">\n<li data-start=\"766\" data-end=\"863\">\n<p data-start=\"768\" data-end=\"863\"><strong data-start=\"768\" data-end=\"779\">JF 30P:<\/strong> Requiere motor de 2 a 5 hp, rendimiento de 500 a 3500 kg\/h, 2 cuchillas de corte.<\/p>\n<\/li>\n<li data-start=\"866\" data-end=\"967\">\n<p data-start=\"868\" data-end=\"967\"><strong data-start=\"868\" data-end=\"879\">JF 40P:<\/strong> Requiere motor de 7,5 a 10 hp, rendimiento de 2000 a 7000 kg\/h, 3 cuchillas de corte.<\/p>\n<\/li>\n<\/ul>\n<\/li>\n<li data-start=\"969\" data-end=\"1298\">\n<p data-start=\"971\" data-end=\"1298\"><strong data-start=\"971\" data-end=\"1002\">Caracter\u00edsticas destacadas:<\/strong><br data-start=\"1002\" data-end=\"1005\" \/>\u2714 Alto rendimiento en el picado de forrajes como ca\u00f1a de az\u00facar, sorgo, ma\u00edz, pastos y m\u00e1s.<br data-start=\"1098\" data-end=\"1101\" \/>\u2714 Bajo consumo de potencia, ideal para peque\u00f1os productores.<br data-start=\"1163\" data-end=\"1166\" \/>\u2714 Sencillez en su operaci\u00f3n y bajo costo de mantenimiento.<br data-start=\"1226\" data-end=\"1229\" \/>\u2714 Disponibles con base para motor el\u00e9ctrico o con motor acoplado.<\/p>\n<\/li>\n<li data-start=\"1300\" data-end=\"1495\">\n<p data-start=\"1302\" data-end=\"1495\"><strong data-start=\"1302\" data-end=\"1334\">Beneficios para el ganadero:<\/strong><br data-start=\"1334\" data-end=\"1337\" \/>Estas picadoras ofrecen una excelente relaci\u00f3n costo\u2013beneficio, permitiendo optimizar la alimentaci\u00f3n del ganado y mejorar la eficiencia en la producci\u00f3n.<\/p>\n<\/li>\n<\/ul>\n<p data-start=\"1497\" data-end=\"1646\">Confiables, productivas y f\u00e1ciles de usar, las <strong data-start=\"1544\" data-end=\"1563\">JF 30P y JF 40P<\/strong> son la mejor opci\u00f3n del mercado para la preparaci\u00f3n de forrajes de alta calidad.<\/p>\n","protected":false},"excerpt":{"rendered":"<p><strong data-start=\"166\" data-end=\"195\">Picadoras JF 30P y JF 40P<\/strong>: equipos de alta productividad y confiabilidad para picar forraje y productos verdes. Ideales para alimentaci\u00f3n de ganado en fresco o ensilaje. Bajo consumo de potencia, f\u00e1ciles de operar y mantener.<\/p>\n","protected":false},"featured_media":278,"comment_status":"open","ping_status":"closed","template":"","meta":[],"product_brand":[],"product_cat":[19],"product_tag":[],"class_list":{"0":"post-277","1":"product","2":"type-product","3":"status-publish","4":"has-post-thumbnail","6":"product_cat-maquinarias-agricolas","8":"first","9":"instock","10":"taxable","11":"shipping-taxable","12":"product-type-simple"},"_links":{"self":[{"href":"https:\/\/hunosinka.com\/index.php?rest_route=\/wp\/v2\/product\/277","targetHints":{"allow":["GET"]}}],"collection":[{"href":"https:\/\/hunosinka.com\/index.php?rest_route=\/wp\/v2\/product"}],"about":[{"href":"https:\/\/hunosinka.com\/index.php?rest_route=\/wp\/v2\/types\/product"}],"replies":[{"embeddable":true,"href":"https:\/\/hunosinka.com\/index.php?rest_route=%2Fwp%2Fv2%2Fcomments&post=277"}],"wp:featuredmedia":[{"embeddable":true,"href":"https:\/\/hunosinka.com\/index.php?rest_route=\/wp\/v2\/media\/278"}],"wp:attachment":[{"href":"https:\/\/hunosinka.com\/index.php?rest_route=%2Fwp%2Fv2%2Fmedia&parent=277"}],"wp:term":[{"taxonomy":"product_brand","embeddable":true,"href":"https:\/\/hunosinka.com\/index.php?rest_route=%2Fwp%2Fv2%2Fproduct_brand&post=277"},{"taxonomy":"product_cat","embeddable":true,"href":"https:\/\/hunosinka.com\/index.php?rest_route=%2Fwp%2Fv2%2Fproduct_cat&post=277"},{"taxonomy":"product_tag","embeddable":true,"href":"https:\/\/hunosinka.com\/index.php?rest_route=%2Fwp%2Fv2%2Fproduct_tag&post=277"}],"curies":[{"name":"wp","href":"https:\/\/api.w.org\/{rel}","templated":true}]}}