{"id":148,"date":"2025-07-26T07:22:18","date_gmt":"2025-07-26T05:22:18","guid":{"rendered":"http:\/\/hunosinka.com\/?post_type=product&#038;p=148"},"modified":"2025-12-14T01:28:33","modified_gmt":"2025-12-14T00:28:33","slug":"chocolate-con-leche-50-cacao-ashaninka-50g","status":"publish","type":"product","link":"https:\/\/hunosinka.com\/?product=chocolate-con-leche-50-cacao-ashaninka-50g","title":{"rendered":"Chocolate con Leche 50% Cacao Ash\u00e1ninka \u2013 50g"},"content":{"rendered":"<p>Una combinaci\u00f3n armoniosa de <strong data-start=\"2322\" data-end=\"2344\">cacao fino y leche<\/strong>, con 50% de cacao Ash\u00e1ninka. Elaborado por comunidades ind\u00edgenas con pr\u00e1cticas org\u00e1nicas y respetuosas con el medio ambiente. El empaque refleja la identidad visual de la cultura Ash\u00e1ninka.<br data-start=\"2534\" data-end=\"2537\" \/><strong data-start=\"2537\" data-end=\"2546\">Peso:<\/strong> 50g<\/p>\n","protected":false},"excerpt":{"rendered":"<p data-start=\"2160\" data-end=\"2266\">Chocolate con leche de 50% cacao Ash\u00e1ninka. Edici\u00f3n especial con dise\u00f1o cultural.<\/p>\n<p data-start=\"2268\" data-end=\"2550\">\n","protected":false},"featured_media":141,"comment_status":"open","ping_status":"closed","template":"","meta":[],"product_brand":[],"product_cat":[17],"product_tag":[],"class_list":{"0":"post-148","1":"product","2":"type-product","3":"status-publish","4":"has-post-thumbnail","6":"product_cat-agroindustrial","8":"first","9":"instock","10":"sale","11":"featured","12":"taxable","13":"shipping-taxable","14":"purchasable","15":"product-type-simple"},"_links":{"self":[{"href":"https:\/\/hunosinka.com\/index.php?rest_route=\/wp\/v2\/product\/148","targetHints":{"allow":["GET"]}}],"collection":[{"href":"https:\/\/hunosinka.com\/index.php?rest_route=\/wp\/v2\/product"}],"about":[{"href":"https:\/\/hunosinka.com\/index.php?rest_route=\/wp\/v2\/types\/product"}],"replies":[{"embeddable":true,"href":"https:\/\/hunosinka.com\/index.php?rest_route=%2Fwp%2Fv2%2Fcomments&post=148"}],"wp:featuredmedia":[{"embeddable":true,"href":"https:\/\/hunosinka.com\/index.php?rest_route=\/wp\/v2\/media\/141"}],"wp:attachment":[{"href":"https:\/\/hunosinka.com\/index.php?rest_route=%2Fwp%2Fv2%2Fmedia&parent=148"}],"wp:term":[{"taxonomy":"product_brand","embeddable":true,"href":"https:\/\/hunosinka.com\/index.php?rest_route=%2Fwp%2Fv2%2Fproduct_brand&post=148"},{"taxonomy":"product_cat","embeddable":true,"href":"https:\/\/hunosinka.com\/index.php?rest_route=%2Fwp%2Fv2%2Fproduct_cat&post=148"},{"taxonomy":"product_tag","embeddable":true,"href":"https:\/\/hunosinka.com\/index.php?rest_route=%2Fwp%2Fv2%2Fproduct_tag&post=148"}],"curies":[{"name":"wp","href":"https:\/\/api.w.org\/{rel}","templated":true}]}}