{"id":144,"date":"2025-07-26T07:16:55","date_gmt":"2025-07-26T05:16:55","guid":{"rendered":"http:\/\/hunosinka.com\/?post_type=product&#038;p=144"},"modified":"2025-09-06T06:44:36","modified_gmt":"2025-09-06T04:44:36","slug":"chocolate-bitter-60-cacao-ashaninka-50g","status":"publish","type":"product","link":"https:\/\/hunosinka.com\/?product=chocolate-bitter-60-cacao-ashaninka-50g","title":{"rendered":"Chocolate Bitter 60% Cacao Ash\u00e1ninka \u2013 50g"},"content":{"rendered":"<p>Edici\u00f3n limitada de chocolate bitter de <strong data-start=\"934\" data-end=\"957\">60% cacao Ash\u00e1ninka<\/strong>, elaborado artesanalmente con granos seleccionados. Parte de la colecci\u00f3n \u201cArtesan\u00eda Ash\u00e1ninka 2021\u201d, su empaque colorido representa la riqueza cultural de esta comunidad amaz\u00f3nica.<br data-start=\"1139\" data-end=\"1142\" \/><strong data-start=\"1142\" data-end=\"1151\">Peso:<\/strong> 50g<\/p>\n","protected":false},"excerpt":{"rendered":"<p>Chocolate oscuro de edici\u00f3n limitada con 60% de cacao fino Ash\u00e1ninka. Presentaci\u00f3n de 50g.<\/p>\n","protected":false},"featured_media":138,"comment_status":"open","ping_status":"closed","template":"","meta":[],"product_brand":[],"product_cat":[17],"product_tag":[],"class_list":{"0":"post-144","1":"product","2":"type-product","3":"status-publish","4":"has-post-thumbnail","6":"product_cat-agroindustrial","8":"first","9":"instock","10":"sale","11":"taxable","12":"shipping-taxable","13":"purchasable","14":"product-type-simple"},"_links":{"self":[{"href":"https:\/\/hunosinka.com\/index.php?rest_route=\/wp\/v2\/product\/144","targetHints":{"allow":["GET"]}}],"collection":[{"href":"https:\/\/hunosinka.com\/index.php?rest_route=\/wp\/v2\/product"}],"about":[{"href":"https:\/\/hunosinka.com\/index.php?rest_route=\/wp\/v2\/types\/product"}],"replies":[{"embeddable":true,"href":"https:\/\/hunosinka.com\/index.php?rest_route=%2Fwp%2Fv2%2Fcomments&post=144"}],"wp:featuredmedia":[{"embeddable":true,"href":"https:\/\/hunosinka.com\/index.php?rest_route=\/wp\/v2\/media\/138"}],"wp:attachment":[{"href":"https:\/\/hunosinka.com\/index.php?rest_route=%2Fwp%2Fv2%2Fmedia&parent=144"}],"wp:term":[{"taxonomy":"product_brand","embeddable":true,"href":"https:\/\/hunosinka.com\/index.php?rest_route=%2Fwp%2Fv2%2Fproduct_brand&post=144"},{"taxonomy":"product_cat","embeddable":true,"href":"https:\/\/hunosinka.com\/index.php?rest_route=%2Fwp%2Fv2%2Fproduct_cat&post=144"},{"taxonomy":"product_tag","embeddable":true,"href":"https:\/\/hunosinka.com\/index.php?rest_route=%2Fwp%2Fv2%2Fproduct_tag&post=144"}],"curies":[{"name":"wp","href":"https:\/\/api.w.org\/{rel}","templated":true}]}}