{"id":136,"date":"2025-07-26T07:14:55","date_gmt":"2025-07-26T05:14:55","guid":{"rendered":"http:\/\/hunosinka.com\/?post_type=product&#038;p=136"},"modified":"2025-09-06T06:46:08","modified_gmt":"2025-09-06T04:46:08","slug":"chocolate-bitter-60-cacao-ashaninka-20g","status":"publish","type":"product","link":"https:\/\/hunosinka.com\/?product=chocolate-bitter-60-cacao-ashaninka-20g","title":{"rendered":"Chocolate Bitter 60% Cacao Ash\u00e1ninka \u2013 20g"},"content":{"rendered":"<p data-start=\"350\" data-end=\"691\">Tableta de <strong data-start=\"386\" data-end=\"442\">chocolate bitter con 60% de cacao org\u00e1nico Ash\u00e1ninka<\/strong>, cultivado de forma sostenible en la selva central del Per\u00fa. Parte de la colecci\u00f3n limitada \u201cArtesan\u00eda Ash\u00e1ninka 2021\u201d, este chocolate destaca por su pureza, sabor intenso y su envoltura inspirada en patrones culturales originarios.<br data-start=\"675\" data-end=\"678\" \/><strong data-start=\"678\" data-end=\"687\">Peso:<\/strong> 20g<\/p>\n","protected":false},"excerpt":{"rendered":"<p data-start=\"231\" data-end=\"348\">Chocolate bitter con 60% de cacao org\u00e1nico Ash\u00e1ninka. Intensidad y tradici\u00f3n en cada bocado.<\/p>\n<p data-start=\"350\" data-end=\"691\">\n","protected":false},"featured_media":137,"comment_status":"open","ping_status":"closed","template":"","meta":[],"product_brand":[],"product_cat":[17],"product_tag":[],"class_list":{"0":"post-136","1":"product","2":"type-product","3":"status-publish","4":"has-post-thumbnail","6":"product_cat-agroindustrial","8":"first","9":"instock","10":"sale","11":"taxable","12":"shipping-taxable","13":"purchasable","14":"product-type-simple"},"_links":{"self":[{"href":"https:\/\/hunosinka.com\/index.php?rest_route=\/wp\/v2\/product\/136","targetHints":{"allow":["GET"]}}],"collection":[{"href":"https:\/\/hunosinka.com\/index.php?rest_route=\/wp\/v2\/product"}],"about":[{"href":"https:\/\/hunosinka.com\/index.php?rest_route=\/wp\/v2\/types\/product"}],"replies":[{"embeddable":true,"href":"https:\/\/hunosinka.com\/index.php?rest_route=%2Fwp%2Fv2%2Fcomments&post=136"}],"wp:featuredmedia":[{"embeddable":true,"href":"https:\/\/hunosinka.com\/index.php?rest_route=\/wp\/v2\/media\/137"}],"wp:attachment":[{"href":"https:\/\/hunosinka.com\/index.php?rest_route=%2Fwp%2Fv2%2Fmedia&parent=136"}],"wp:term":[{"taxonomy":"product_brand","embeddable":true,"href":"https:\/\/hunosinka.com\/index.php?rest_route=%2Fwp%2Fv2%2Fproduct_brand&post=136"},{"taxonomy":"product_cat","embeddable":true,"href":"https:\/\/hunosinka.com\/index.php?rest_route=%2Fwp%2Fv2%2Fproduct_cat&post=136"},{"taxonomy":"product_tag","embeddable":true,"href":"https:\/\/hunosinka.com\/index.php?rest_route=%2Fwp%2Fv2%2Fproduct_tag&post=136"}],"curies":[{"name":"wp","href":"https:\/\/api.w.org\/{rel}","templated":true}]}}