{"id":103,"date":"2025-07-25T00:37:16","date_gmt":"2025-07-24T22:37:16","guid":{"rendered":"http:\/\/hunosinka.com\/?post_type=product&#038;p=103"},"modified":"2025-07-25T00:37:16","modified_gmt":"2025-07-24T22:37:16","slug":"orgabiol-bioestimulante-de-hormonas","status":"publish","type":"product","link":"https:\/\/hunosinka.com\/?product=orgabiol-bioestimulante-de-hormonas","title":{"rendered":"ORGABIOL &#8211; Bioestimulante de Hormonas"},"content":{"rendered":"<p><strong data-start=\"3385\" data-end=\"3397\">ORGABIOL<\/strong> es un bioestimulante formulado para <strong data-start=\"3434\" data-end=\"3482\">reactivar la formaci\u00f3n de hormonas vegetales<\/strong>, promoviendo el desarrollo radicular, brotaci\u00f3n, floraci\u00f3n y fructificaci\u00f3n. Ideal para cultivos de alto rendimiento y condiciones de estr\u00e9s.<br data-start=\"3624\" data-end=\"3627\" \/><strong data-start=\"3627\" data-end=\"3641\">Contenido:<\/strong> 1 Litro | <strong data-start=\"3652\" data-end=\"3672\">Producto natural<\/strong><\/p>\n","protected":false},"excerpt":{"rendered":"<p>Bioestimulante que activa hormonas vegetales. Mejora el crecimiento de la planta.<\/p>\n","protected":false},"featured_media":81,"comment_status":"open","ping_status":"closed","template":"","meta":[],"product_brand":[],"product_cat":[18],"product_tag":[],"class_list":{"0":"post-103","1":"product","2":"type-product","3":"status-publish","4":"has-post-thumbnail","6":"product_cat-agroquimicos","8":"first","9":"instock","10":"sale","11":"taxable","12":"shipping-taxable","13":"purchasable","14":"product-type-simple"},"_links":{"self":[{"href":"https:\/\/hunosinka.com\/index.php?rest_route=\/wp\/v2\/product\/103","targetHints":{"allow":["GET"]}}],"collection":[{"href":"https:\/\/hunosinka.com\/index.php?rest_route=\/wp\/v2\/product"}],"about":[{"href":"https:\/\/hunosinka.com\/index.php?rest_route=\/wp\/v2\/types\/product"}],"replies":[{"embeddable":true,"href":"https:\/\/hunosinka.com\/index.php?rest_route=%2Fwp%2Fv2%2Fcomments&post=103"}],"wp:featuredmedia":[{"embeddable":true,"href":"https:\/\/hunosinka.com\/index.php?rest_route=\/wp\/v2\/media\/81"}],"wp:attachment":[{"href":"https:\/\/hunosinka.com\/index.php?rest_route=%2Fwp%2Fv2%2Fmedia&parent=103"}],"wp:term":[{"taxonomy":"product_brand","embeddable":true,"href":"https:\/\/hunosinka.com\/index.php?rest_route=%2Fwp%2Fv2%2Fproduct_brand&post=103"},{"taxonomy":"product_cat","embeddable":true,"href":"https:\/\/hunosinka.com\/index.php?rest_route=%2Fwp%2Fv2%2Fproduct_cat&post=103"},{"taxonomy":"product_tag","embeddable":true,"href":"https:\/\/hunosinka.com\/index.php?rest_route=%2Fwp%2Fv2%2Fproduct_tag&post=103"}],"curies":[{"name":"wp","href":"https:\/\/api.w.org\/{rel}","templated":true}]}}