{"id":221,"date":"2025-08-09T23:32:03","date_gmt":"2025-08-09T21:32:03","guid":{"rendered":"http:\/\/hunosinka.com\/?page_id=221"},"modified":"2026-04-07T07:46:55","modified_gmt":"2026-04-07T05:46:55","slug":"conultorias","status":"publish","type":"page","link":"https:\/\/hunosinka.com\/?page_id=221","title":{"rendered":"Conultorias"},"content":{"rendered":"\t\t<div data-elementor-type=\"wp-page\" data-elementor-id=\"221\" class=\"elementor elementor-221\">\n\t\t\t\t<div class=\"elementor-element elementor-element-8d36efe e-flex e-con-boxed e-con e-parent\" data-id=\"8d36efe\" data-element_type=\"container\">\n\t\t\t\t\t<div class=\"e-con-inner\">\n\t\t\t\t<div class=\"elementor-element elementor-element-e959148 elementor-widget elementor-widget-heading\" data-id=\"e959148\" data-element_type=\"widget\" data-widget_type=\"heading.default\">\n\t\t\t\t\t<h2 class=\"elementor-heading-title elementor-size-default\">Descripci\u00f3n<\/h2>\t\t\t\t<\/div>\n\t\t\t\t\t<\/div>\n\t\t\t\t<\/div>\n\t\t<div class=\"elementor-element elementor-element-0313a3d e-flex e-con-boxed e-con e-parent\" data-id=\"0313a3d\" data-element_type=\"container\">\n\t\t\t\t\t<div class=\"e-con-inner\">\n\t\t\t\t<div class=\"elementor-element elementor-element-e082870 elementor-widget elementor-widget-text-editor\" data-id=\"e082870\" data-element_type=\"widget\" data-widget_type=\"text-editor.default\">\n\t\t\t\t\t\t\t\t\t<p>HUNOSINKA brinda servicios de consultoria como desarrollista de proyectos con iniciativas innovadoras desde un enfoque de sostenibilidad integral, trascendental y territorial para la mejora de la calidad de vida de la ciudadan\u00eda rural y urbana. Con el objetivo de ayudar a evaluar, entender y actuar a trav\u00e9s de un entendimiento com\u00fan nuestras consultor\u00edas se convierten en trabajos de calidad acorde a los acuerdos internacionales y metodolog\u00edas actuales.<\/p>\t\t\t\t\t\t\t\t<\/div>\n\t\t\t\t\t<\/div>\n\t\t\t\t<\/div>\n\t\t<div class=\"elementor-element elementor-element-c23de28 e-flex e-con-boxed e-con e-parent\" data-id=\"c23de28\" data-element_type=\"container\">\n\t\t\t\t\t<div class=\"e-con-inner\">\n\t\t\t\t<div class=\"elementor-element elementor-element-94b4f23 elementor-widget-divider--view-line elementor-widget elementor-widget-divider\" data-id=\"94b4f23\" data-element_type=\"widget\" data-widget_type=\"divider.default\">\n\t\t\t\t\t\t\t<div class=\"elementor-divider\">\n\t\t\t<span class=\"elementor-divider-separator\">\n\t\t\t\t\t\t<\/span>\n\t\t<\/div>\n\t\t\t\t\t\t<\/div>\n\t\t\t\t\t<\/div>\n\t\t\t\t<\/div>\n\t\t<div class=\"elementor-element elementor-element-1c7c42d e-flex e-con-boxed e-con e-parent\" data-id=\"1c7c42d\" data-element_type=\"container\">\n\t\t\t\t\t<div class=\"e-con-inner\">\n\t\t<div class=\"elementor-element elementor-element-6834ea7 e-con-full e-flex e-con e-child\" data-id=\"6834ea7\" data-element_type=\"container\">\n\t\t\t\t<div class=\"elementor-element elementor-element-8884fe3 elementor-widget elementor-widget-image\" data-id=\"8884fe3\" data-element_type=\"widget\" data-widget_type=\"image.default\">\n\t\t\t\t\t\t\t\t\t\t\t\t\t\t\t<img fetchpriority=\"high\" decoding=\"async\" width=\"1024\" height=\"768\" src=\"https:\/\/hunosinka.com\/wp-content\/uploads\/2025\/07\/IMG_2677-scaled.jpg\" class=\"attachment-large size-large wp-image-196\" alt=\"\" \/>\t\t\t\t\t\t\t\t\t\t\t\t\t\t\t<\/div>\n\t\t\t\t<\/div>\n\t\t<div class=\"elementor-element elementor-element-fd75f24 e-con-full e-flex e-con e-child\" data-id=\"fd75f24\" data-element_type=\"container\">\n\t\t\t\t<div class=\"elementor-element elementor-element-185d9e3 elementor-widget elementor-widget-text-editor\" data-id=\"185d9e3\" data-element_type=\"widget\" data-widget_type=\"text-editor.default\">\n\t\t\t\t\t\t\t\t\t<h4><b><img decoding=\"async\" class=\"emoji\" role=\"img\" draggable=\"false\" src=\"https:\/\/s.w.org\/images\/core\/emoji\/16.0.1\/svg\/1f331.svg\" alt=\"\ud83c\udf31\" \/> Consultor\u00edas en Desarrollo de Proyectos Integrales<\/b><\/h4><p>Las consultor\u00edas en gesti\u00f3n y formulaci\u00f3n de proyectos que brindamos son de calidad y con un equipo humano con expertise en los asuntos de su competencia, HUNOSINKA satisfacera su necesidad proporcion\u00e1ndole confianza y \u00e9xito en el desarrollo de sus proyectos e iniciativas teniendo como marco com\u00fan un trabajo comunicativo, participativo, colaborativo y unificado entre las partes<\/p><p>Beneficios: <img decoding=\"async\" class=\"emoji\" role=\"img\" draggable=\"false\" src=\"https:\/\/s.w.org\/images\/core\/emoji\/16.0.1\/svg\/2705.svg\" alt=\"\u2705\" \/> Calidad \u2013 <img decoding=\"async\" class=\"emoji\" role=\"img\" draggable=\"false\" src=\"https:\/\/s.w.org\/images\/core\/emoji\/16.0.1\/svg\/2705.svg\" alt=\"\u2705\" \/> Precisi\u00f3n \u2013 <img decoding=\"async\" class=\"emoji\" role=\"img\" draggable=\"false\" src=\"https:\/\/s.w.org\/images\/core\/emoji\/16.0.1\/svg\/2705.svg\" alt=\"\u2705\" \/> Investigaci\u00f3n \u2013 <img decoding=\"async\" class=\"emoji\" role=\"img\" draggable=\"false\" src=\"https:\/\/s.w.org\/images\/core\/emoji\/16.0.1\/svg\/2705.svg\" alt=\"\u2705\" \/> Colaboraci\u00f3n \u2013 <img decoding=\"async\" class=\"emoji\" role=\"img\" draggable=\"false\" src=\"https:\/\/s.w.org\/images\/core\/emoji\/16.0.1\/svg\/2705.svg\" alt=\"\u2705\" \/> Entendimiento com\u00fan.<\/p>\t\t\t\t\t\t\t\t<\/div>\n\t\t\t\t<\/div>\n\t\t\t\t\t<\/div>\n\t\t\t\t<\/div>\n\t\t<div class=\"elementor-element elementor-element-6db23ad e-flex e-con-boxed e-con e-parent\" data-id=\"6db23ad\" data-element_type=\"container\">\n\t\t\t\t\t<div class=\"e-con-inner\">\n\t\t\t\t<div class=\"elementor-element elementor-element-cd6f63d elementor-widget-divider--view-line elementor-widget elementor-widget-divider\" data-id=\"cd6f63d\" data-element_type=\"widget\" data-widget_type=\"divider.default\">\n\t\t\t\t\t\t\t<div class=\"elementor-divider\">\n\t\t\t<span class=\"elementor-divider-separator\">\n\t\t\t\t\t\t<\/span>\n\t\t<\/div>\n\t\t\t\t\t\t<\/div>\n\t\t\t\t\t<\/div>\n\t\t\t\t<\/div>\n\t\t<div class=\"elementor-element elementor-element-8146aec e-flex e-con-boxed e-con e-parent\" data-id=\"8146aec\" data-element_type=\"container\">\n\t\t\t\t\t<div class=\"e-con-inner\">\n\t\t<div class=\"elementor-element elementor-element-e01d633 e-con-full e-flex e-con e-child\" data-id=\"e01d633\" data-element_type=\"container\">\n\t\t\t\t<div class=\"elementor-element elementor-element-8a45f5f elementor-widget elementor-widget-image\" data-id=\"8a45f5f\" data-element_type=\"widget\" data-widget_type=\"image.default\">\n\t\t\t\t\t\t\t\t\t\t\t\t\t\t\t<img decoding=\"async\" width=\"1024\" height=\"768\" src=\"https:\/\/hunosinka.com\/wp-content\/uploads\/2025\/07\/IMG_20200310_102702-scaled.jpg\" class=\"attachment-large size-large wp-image-198\" alt=\"\" \/>\t\t\t\t\t\t\t\t\t\t\t\t\t\t\t<\/div>\n\t\t\t\t<\/div>\n\t\t<div class=\"elementor-element elementor-element-19613cf e-con-full e-flex e-con e-child\" data-id=\"19613cf\" data-element_type=\"container\">\n\t\t\t\t<div class=\"elementor-element elementor-element-c67276b elementor-widget elementor-widget-text-editor\" data-id=\"c67276b\" data-element_type=\"widget\" data-widget_type=\"text-editor.default\">\n\t\t\t\t\t\t\t\t\t<h5>\u267b\ufe0fConsultor\u00edas en Implementaci\u00f3n de Proyectos de Sostenibilidad<\/h5><p>Nuestras consultor\u00edas en implementaci\u00f3n de herramientas de gesti\u00f3n le permitir\u00e1 tener un rumbo claro y definido hacia las metas que necesite lograr en el corto y mediano plazo, teniendo en cuenta los acuerdos internacionales, protocolos y objetivos globales para el desarrollo sostenible (ODS), los cuales le proporcionara resultados satisfactorios en el desarrollo de sus actividades sea esta relacionada a la gesti\u00f3n gubernamental o a alguna cadena de suministro.<\/p><p>Beneficios: \u2705 Calidad \u2013 \u2705 Est\u00e1ndares ODS \u2013 \u2705 Gobernanza \u2013 \u2705 Estrategia clara.<\/p>\t\t\t\t\t\t\t\t<\/div>\n\t\t\t\t<\/div>\n\t\t\t\t\t<\/div>\n\t\t\t\t<\/div>\n\t\t<div class=\"elementor-element elementor-element-45b14cd e-flex e-con-boxed e-con e-parent\" data-id=\"45b14cd\" data-element_type=\"container\">\n\t\t\t\t\t<div class=\"e-con-inner\">\n\t\t\t\t<div class=\"elementor-element elementor-element-0112691 elementor-widget-divider--view-line elementor-widget elementor-widget-divider\" data-id=\"0112691\" data-element_type=\"widget\" data-widget_type=\"divider.default\">\n\t\t\t\t\t\t\t<div class=\"elementor-divider\">\n\t\t\t<span class=\"elementor-divider-separator\">\n\t\t\t\t\t\t<\/span>\n\t\t<\/div>\n\t\t\t\t\t\t<\/div>\n\t\t\t\t\t<\/div>\n\t\t\t\t<\/div>\n\t\t<div class=\"elementor-element elementor-element-db6fa73 e-flex e-con-boxed e-con e-parent\" data-id=\"db6fa73\" data-element_type=\"container\">\n\t\t\t\t\t<div class=\"e-con-inner\">\n\t\t<div class=\"elementor-element elementor-element-d9877c0 e-con-full e-flex e-con e-child\" data-id=\"d9877c0\" data-element_type=\"container\">\n\t\t\t\t<div class=\"elementor-element elementor-element-c288a8f elementor-widget elementor-widget-image\" data-id=\"c288a8f\" data-element_type=\"widget\" data-widget_type=\"image.default\">\n\t\t\t\t\t\t\t\t\t\t\t\t\t\t\t<img decoding=\"async\" width=\"512\" height=\"384\" src=\"https:\/\/hunosinka.com\/wp-content\/uploads\/2025\/07\/1573087172458.jpg\" class=\"attachment-large size-large wp-image-194\" alt=\"\" \/>\t\t\t\t\t\t\t\t\t\t\t\t\t\t\t<\/div>\n\t\t\t\t<\/div>\n\t\t<div class=\"elementor-element elementor-element-702954e e-con-full e-flex e-con e-child\" data-id=\"702954e\" data-element_type=\"container\">\n\t\t\t\t<div class=\"elementor-element elementor-element-7194790 elementor-widget elementor-widget-text-editor\" data-id=\"7194790\" data-element_type=\"widget\" data-widget_type=\"text-editor.default\">\n\t\t\t\t\t\t\t\t\t<h4>\ud83d\udc68\u200d\ud83c\udf3e Capacitaciones CEFE y Escuelas de Campo (ECA)<\/h4><p>Nuestras capacitaciones en temas del desarrollo de las capacidades humanas tales como liderazgo potencial para los trabajadores de las instituciones p\u00fablicas, privadas y de la sociedad civil, as\u00ed como las Competencias Econ\u00f3micas para la Formaci\u00f3n de Emprendedores(CEFE) y Escuelas de Campo para los productores en general (ECAS) para los proyectos en marcha le permitir\u00e1 tener resultados m\u00e1s eficientes en el producto final de su proyecto, llevando a que su equipo y beneficiarios mejoren su desarrollo personal y la\u00a0 calidad de vida de todos.<\/p><p>Beneficios: \u2705 Desarrollo personal \u2013 \u2705 Productividad \u2013 \u2705 Resultados eficientes.<\/p>\t\t\t\t\t\t\t\t<\/div>\n\t\t\t\t<\/div>\n\t\t\t\t\t<\/div>\n\t\t\t\t<\/div>\n\t\t<div class=\"elementor-element elementor-element-0ec0a8c e-flex e-con-boxed e-con e-parent\" data-id=\"0ec0a8c\" data-element_type=\"container\">\n\t\t\t\t\t<div class=\"e-con-inner\">\n\t\t\t\t<div class=\"elementor-element elementor-element-42af262 elementor-widget-divider--view-line elementor-widget elementor-widget-divider\" data-id=\"42af262\" data-element_type=\"widget\" data-widget_type=\"divider.default\">\n\t\t\t\t\t\t\t<div class=\"elementor-divider\">\n\t\t\t<span class=\"elementor-divider-separator\">\n\t\t\t\t\t\t<\/span>\n\t\t<\/div>\n\t\t\t\t\t\t<\/div>\n\t\t\t\t\t<\/div>\n\t\t\t\t<\/div>\n\t\t<div class=\"elementor-element elementor-element-18ea31d e-flex e-con-boxed e-con e-parent\" data-id=\"18ea31d\" data-element_type=\"container\">\n\t\t\t\t\t<div class=\"e-con-inner\">\n\t\t<div class=\"elementor-element elementor-element-42af542 e-con-full e-flex e-con e-child\" data-id=\"42af542\" data-element_type=\"container\">\n\t\t\t\t<div class=\"elementor-element elementor-element-331f436 elementor-widget elementor-widget-image\" data-id=\"331f436\" data-element_type=\"widget\" data-widget_type=\"image.default\">\n\t\t\t\t\t\t\t\t\t\t\t\t\t\t\t<img loading=\"lazy\" decoding=\"async\" width=\"1024\" height=\"768\" src=\"https:\/\/hunosinka.com\/wp-content\/uploads\/2025\/07\/IMG_20200313_163349-scaled.jpg\" class=\"attachment-large size-large wp-image-199\" alt=\"\" \/>\t\t\t\t\t\t\t\t\t\t\t\t\t\t\t<\/div>\n\t\t\t\t<\/div>\n\t\t<div class=\"elementor-element elementor-element-bc40abc e-con-full e-flex e-con e-child\" data-id=\"bc40abc\" data-element_type=\"container\">\n\t\t\t\t<div class=\"elementor-element elementor-element-5e686da elementor-widget elementor-widget-text-editor\" data-id=\"5e686da\" data-element_type=\"widget\" data-widget_type=\"text-editor.default\">\n\t\t\t\t\t\t\t\t\t<h4><img decoding=\"async\" class=\"emoji\" role=\"img\" draggable=\"false\" src=\"https:\/\/s.w.org\/images\/core\/emoji\/16.0.1\/svg\/1f9ec.svg\" alt=\"\ud83e\uddec\" \/> Capacitaciones en Biotecnolog\u00eda Agr\u00edcola y Forestal<\/h4><p>Nuestras Capacitaciones son principalmente en temas de micropropagaci\u00f3n in vitro y tecnolog\u00eda de la diversidad gen\u00e9tica de especies agr\u00edcolas y forestales.<\/p><p>\u00bfQu\u00e9 obtendr\u00e1 mis clientes con este servicio?<\/p><p>Nuestras capacitaciones est\u00e1n orientados a facilitarle un mayor conocimiento en el desarrollo de las t\u00e9cnicas biotecnol\u00f3gicas en su instituci\u00f3n, por lo que desde HUNOSINKA nos comprometemos a darle el mejor alcance para lograr sus objetivos.<\/p><p>Beneficios: <img decoding=\"async\" class=\"emoji\" role=\"img\" draggable=\"false\" src=\"https:\/\/s.w.org\/images\/core\/emoji\/16.0.1\/svg\/2705.svg\" alt=\"\u2705\" \/> Calidad \u2013 <img decoding=\"async\" class=\"emoji\" role=\"img\" draggable=\"false\" src=\"https:\/\/s.w.org\/images\/core\/emoji\/16.0.1\/svg\/2705.svg\" alt=\"\u2705\" \/> Investigaci\u00f3n \u2013 <img decoding=\"async\" class=\"emoji\" role=\"img\" draggable=\"false\" src=\"https:\/\/s.w.org\/images\/core\/emoji\/16.0.1\/svg\/2705.svg\" alt=\"\u2705\" \/> Conocimiento de vanguardia.<\/p>\t\t\t\t\t\t\t\t<\/div>\n\t\t\t\t<\/div>\n\t\t\t\t\t<\/div>\n\t\t\t\t<\/div>\n\t\t<div class=\"elementor-element elementor-element-9602e1e e-flex e-con-boxed e-con e-parent\" data-id=\"9602e1e\" data-element_type=\"container\">\n\t\t\t\t\t<div class=\"e-con-inner\">\n\t\t\t\t<div class=\"elementor-element elementor-element-2e06189 elementor-arrows-position-inside elementor-pagination-position-outside elementor-widget elementor-widget-image-carousel\" data-id=\"2e06189\" data-element_type=\"widget\" data-settings=\"{&quot;image_spacing_custom&quot;:{&quot;unit&quot;:&quot;px&quot;,&quot;size&quot;:31,&quot;sizes&quot;:[]},&quot;navigation&quot;:&quot;both&quot;,&quot;autoplay&quot;:&quot;yes&quot;,&quot;pause_on_hover&quot;:&quot;yes&quot;,&quot;pause_on_interaction&quot;:&quot;yes&quot;,&quot;autoplay_speed&quot;:5000,&quot;infinite&quot;:&quot;yes&quot;,&quot;speed&quot;:500,&quot;image_spacing_custom_tablet&quot;:{&quot;unit&quot;:&quot;px&quot;,&quot;size&quot;:&quot;&quot;,&quot;sizes&quot;:[]},&quot;image_spacing_custom_mobile&quot;:{&quot;unit&quot;:&quot;px&quot;,&quot;size&quot;:&quot;&quot;,&quot;sizes&quot;:[]}}\" data-widget_type=\"image-carousel.default\">\n\t\t\t\t\t\t\t<div class=\"elementor-image-carousel-wrapper swiper\" role=\"region\" aria-roledescription=\"carousel\" aria-label=\"Carrusel de im\u00e1genes\" dir=\"ltr\">\n\t\t\t<div class=\"elementor-image-carousel swiper-wrapper\" aria-live=\"off\">\n\t\t\t\t\t\t\t\t<div class=\"swiper-slide\" role=\"group\" aria-roledescription=\"slide\" aria-label=\"1 de 13\"><figure class=\"swiper-slide-inner\"><img decoding=\"async\" class=\"swiper-slide-image\" src=\"https:\/\/hunosinka.com\/wp-content\/uploads\/2025\/07\/IMG_20200313_163349-scaled.jpg\" alt=\"edf\" \/><\/figure><\/div><div class=\"swiper-slide\" role=\"group\" aria-roledescription=\"slide\" aria-label=\"2 de 13\"><figure class=\"swiper-slide-inner\"><img decoding=\"async\" class=\"swiper-slide-image\" src=\"https:\/\/hunosinka.com\/wp-content\/uploads\/2025\/07\/IMG_20200310_102702-scaled.jpg\" alt=\"edf\" \/><\/figure><\/div><div class=\"swiper-slide\" role=\"group\" aria-roledescription=\"slide\" aria-label=\"3 de 13\"><figure class=\"swiper-slide-inner\"><img decoding=\"async\" class=\"swiper-slide-image\" src=\"https:\/\/hunosinka.com\/wp-content\/uploads\/2025\/07\/1575255175524.jpg\" alt=\"1575255175524\" \/><\/figure><\/div><div class=\"swiper-slide\" role=\"group\" aria-roledescription=\"slide\" aria-label=\"4 de 13\"><figure class=\"swiper-slide-inner\"><img decoding=\"async\" class=\"swiper-slide-image\" src=\"https:\/\/hunosinka.com\/wp-content\/uploads\/2025\/07\/DSC3284.jpg\" alt=\"_DSC3284\" \/><\/figure><\/div><div class=\"swiper-slide\" role=\"group\" aria-roledescription=\"slide\" aria-label=\"5 de 13\"><figure class=\"swiper-slide-inner\"><img decoding=\"async\" class=\"swiper-slide-image\" src=\"https:\/\/hunosinka.com\/wp-content\/uploads\/2025\/07\/DSC3300.jpg\" alt=\"_DSC3300\" \/><\/figure><\/div><div class=\"swiper-slide\" role=\"group\" aria-roledescription=\"slide\" aria-label=\"6 de 13\"><figure class=\"swiper-slide-inner\"><img decoding=\"async\" class=\"swiper-slide-image\" src=\"https:\/\/hunosinka.com\/wp-content\/uploads\/2025\/07\/IMG_2677-scaled.jpg\" alt=\"IMG_2677\" \/><\/figure><\/div><div class=\"swiper-slide\" role=\"group\" aria-roledescription=\"slide\" aria-label=\"7 de 13\"><figure class=\"swiper-slide-inner\"><img decoding=\"async\" class=\"swiper-slide-image\" src=\"https:\/\/hunosinka.com\/wp-content\/uploads\/2025\/07\/1559706317166.jpg\" alt=\"1559706317166\" \/><\/figure><\/div><div class=\"swiper-slide\" role=\"group\" aria-roledescription=\"slide\" aria-label=\"8 de 13\"><figure class=\"swiper-slide-inner\"><img decoding=\"async\" class=\"swiper-slide-image\" src=\"https:\/\/hunosinka.com\/wp-content\/uploads\/2025\/07\/1559706317291.jpg\" alt=\"1559706317291\" \/><\/figure><\/div><div class=\"swiper-slide\" role=\"group\" aria-roledescription=\"slide\" aria-label=\"9 de 13\"><figure class=\"swiper-slide-inner\"><img decoding=\"async\" class=\"swiper-slide-image\" src=\"https:\/\/hunosinka.com\/wp-content\/uploads\/2025\/07\/1573087171953.jpg\" alt=\"1573087171953\" \/><\/figure><\/div><div class=\"swiper-slide\" role=\"group\" aria-roledescription=\"slide\" aria-label=\"10 de 13\"><figure class=\"swiper-slide-inner\"><img decoding=\"async\" class=\"swiper-slide-image\" src=\"https:\/\/hunosinka.com\/wp-content\/uploads\/2025\/07\/DSC1346.jpg\" alt=\"_DSC1346\" \/><\/figure><\/div><div class=\"swiper-slide\" role=\"group\" aria-roledescription=\"slide\" aria-label=\"11 de 13\"><figure class=\"swiper-slide-inner\"><img decoding=\"async\" class=\"swiper-slide-image\" src=\"https:\/\/hunosinka.com\/wp-content\/uploads\/2025\/07\/IMG_E2912.jpg\" alt=\"Screenshot\" \/><\/figure><\/div><div class=\"swiper-slide\" role=\"group\" aria-roledescription=\"slide\" aria-label=\"12 de 13\"><figure class=\"swiper-slide-inner\"><img decoding=\"async\" class=\"swiper-slide-image\" src=\"https:\/\/hunosinka.com\/wp-content\/uploads\/2025\/07\/1573087172458.jpg\" alt=\"1573087172458\" \/><\/figure><\/div><div class=\"swiper-slide\" role=\"group\" aria-roledescription=\"slide\" aria-label=\"13 de 13\"><figure class=\"swiper-slide-inner\"><img decoding=\"async\" class=\"swiper-slide-image\" src=\"https:\/\/hunosinka.com\/wp-content\/uploads\/2025\/07\/IMG_2694.jpg\" alt=\"IMG_2694\" \/><\/figure><\/div>\t\t\t<\/div>\n\t\t\t\t\t\t\t\t\t\t\t\t<div class=\"elementor-swiper-button elementor-swiper-button-prev\" role=\"button\" tabindex=\"0\">\n\t\t\t\t\t\t<svg aria-hidden=\"true\" class=\"e-font-icon-svg e-eicon-chevron-left\" viewBox=\"0 0 1000 1000\" xmlns=\"http:\/\/www.w3.org\/2000\/svg\"><path d=\"M646 125C629 125 613 133 604 142L308 442C296 454 292 471 292 487 292 504 296 521 308 533L604 854C617 867 629 875 646 875 663 875 679 871 692 858 704 846 713 829 713 812 713 796 708 779 692 767L438 487 692 225C700 217 708 204 708 187 708 171 704 154 692 142 675 129 663 125 646 125Z\"><\/path><\/svg>\t\t\t\t\t<\/div>\n\t\t\t\t\t<div class=\"elementor-swiper-button elementor-swiper-button-next\" role=\"button\" tabindex=\"0\">\n\t\t\t\t\t\t<svg aria-hidden=\"true\" class=\"e-font-icon-svg e-eicon-chevron-right\" viewBox=\"0 0 1000 1000\" xmlns=\"http:\/\/www.w3.org\/2000\/svg\"><path d=\"M696 533C708 521 713 504 713 487 713 471 708 454 696 446L400 146C388 133 375 125 354 125 338 125 325 129 313 142 300 154 292 171 292 187 292 204 296 221 308 233L563 492 304 771C292 783 288 800 288 817 288 833 296 850 308 863 321 871 338 875 354 875 371 875 388 867 400 854L696 533Z\"><\/path><\/svg>\t\t\t\t\t<\/div>\n\t\t\t\t\n\t\t\t\t\t\t\t\t\t<div class=\"swiper-pagination\"><\/div>\n\t\t\t\t\t\t\t\t\t<\/div>\n\t\t\t\t\t\t<\/div>\n\t\t\t\t\t<\/div>\n\t\t\t\t<\/div>\n\t\t<div class=\"elementor-element elementor-element-4353a6d e-flex e-con-boxed e-con e-parent\" data-id=\"4353a6d\" data-element_type=\"container\">\n\t\t\t\t\t<div class=\"e-con-inner\">\n\t\t\t\t<div class=\"elementor-element elementor-element-58800b8 elementor-widget elementor-widget-button\" data-id=\"58800b8\" data-element_type=\"widget\" data-widget_type=\"button.default\">\n\t\t\t\t\t\t\t\t\t\t<a class=\"elementor-button elementor-button-link elementor-size-sm\" href=\"#\">\n\t\t\t\t\t\t<span class=\"elementor-button-content-wrapper\">\n\t\t\t\t\t\t\t\t\t<span class=\"elementor-button-text\">Haz clic aqu\u00ed<\/span>\n\t\t\t\t\t<\/span>\n\t\t\t\t\t<\/a>\n\t\t\t\t\t\t\t\t<\/div>\n\t\t\t\t\t<\/div>\n\t\t\t\t<\/div>\n\t\t\t\t<\/div>\n\t\t","protected":false},"excerpt":{"rendered":"<p>Descripci\u00f3n HUNOSINKA brinda servicios de consultoria como desarrollista de proyectos con iniciativas innovadoras desde un enfoque de sostenibilidad integral, trascendental y territorial para la mejora de la calidad de vida&hellip;<\/p>\n","protected":false},"author":1,"featured_media":0,"parent":0,"menu_order":0,"comment_status":"closed","ping_status":"closed","template":"","meta":{"footnotes":""},"class_list":["post-221","page","type-page","status-publish","hentry"],"_links":{"self":[{"href":"https:\/\/hunosinka.com\/index.php?rest_route=\/wp\/v2\/pages\/221","targetHints":{"allow":["GET"]}}],"collection":[{"href":"https:\/\/hunosinka.com\/index.php?rest_route=\/wp\/v2\/pages"}],"about":[{"href":"https:\/\/hunosinka.com\/index.php?rest_route=\/wp\/v2\/types\/page"}],"author":[{"embeddable":true,"href":"https:\/\/hunosinka.com\/index.php?rest_route=\/wp\/v2\/users\/1"}],"replies":[{"embeddable":true,"href":"https:\/\/hunosinka.com\/index.php?rest_route=%2Fwp%2Fv2%2Fcomments&post=221"}],"version-history":[{"count":16,"href":"https:\/\/hunosinka.com\/index.php?rest_route=\/wp\/v2\/pages\/221\/revisions"}],"predecessor-version":[{"id":364,"href":"https:\/\/hunosinka.com\/index.php?rest_route=\/wp\/v2\/pages\/221\/revisions\/364"}],"wp:attachment":[{"href":"https:\/\/hunosinka.com\/index.php?rest_route=%2Fwp%2Fv2%2Fmedia&parent=221"}],"curies":[{"name":"wp","href":"https:\/\/api.w.org\/{rel}","templated":true}]}}