{"id":119,"date":"2025-07-25T00:51:56","date_gmt":"2025-07-24T22:51:56","guid":{"rendered":"http:\/\/hunosinka.com\/?page_id=119"},"modified":"2025-07-27T18:28:32","modified_gmt":"2025-07-27T16:28:32","slug":"elementor-119","status":"publish","type":"page","link":"https:\/\/hunosinka.com\/?page_id=119","title":{"rendered":"Nosotros"},"content":{"rendered":"\t\t<div data-elementor-type=\"wp-post\" data-elementor-id=\"119\" class=\"elementor elementor-119\">\n\t\t\t\t<div class=\"elementor-element elementor-element-59f835a e-flex e-con-boxed e-con e-parent\" data-id=\"59f835a\" data-element_type=\"container\" data-settings=\"{&quot;shape_divider_top&quot;:&quot;waves-pattern&quot;}\">\n\t\t\t\t\t<div class=\"e-con-inner\">\n\t\t\t\t<div class=\"elementor-shape elementor-shape-top\" aria-hidden=\"true\" data-negative=\"false\">\n\t\t\t<svg xmlns=\"http:\/\/www.w3.org\/2000\/svg\" viewBox=\"0 0 1047.1 3.7\" preserveAspectRatio=\"xMidYMin slice\">\n\t<path class=\"elementor-shape-fill\" d=\"M1047.1,0C557,0,8.9,0,0,0v1.6c0,0,0.6-1.5,2.7-0.3C3.9,2,6.1,4.1,8.3,3.5c0.9-0.2,1.5-1.9,1.5-1.9\ts0.6-1.5,2.7-0.3C13.8,2,16,4.1,18.2,3.5c0.9-0.2,1.5-1.9,1.5-1.9s0.6-1.5,2.7-0.3C23.6,2,25.9,4.1,28,3.5c0.9-0.2,1.5-1.9,1.5-1.9\tc0,0,0.6-1.5,2.7-0.3c1.2,0.7,3.5,2.8,5.6,2.2c0.9-0.2,1.5-1.9,1.5-1.9c0,0,0.6-1.5,2.7-0.3c1.2,0.7,3.5,2.8,5.6,2.2\tc0.9-0.2,1.5-1.9,1.5-1.9s0.6-1.5,2.7-0.3c1.2,0.7,3.5,2.8,5.6,2.2c0.9-0.2,1.5-1.9,1.5-1.9s0.6-1.5,2.7-0.3C63,2,65.3,4.1,67.4,3.5\tC68.3,3.3,69,1.6,69,1.6s0.6-1.5,2.7-0.3c1.2,0.7,3.5,2.8,5.6,2.2c0.9-0.2,1.5-1.9,1.5-1.9c0,0,0.6-1.5,2.7-0.3\tC82.7,2,85,4.1,87.1,3.5c0.9-0.2,1.5-1.9,1.5-1.9s0.6-1.5,2.7-0.3C92.6,2,94.8,4.1,97,3.5c0.9-0.2,1.5-1.9,1.5-1.9s0.6-1.5,2.7-0.3\tc1.2,0.7,3.5,2.8,5.6,2.2c0.9-0.2,1.5-1.9,1.5-1.9s0.6-1.5,2.7-0.3c1.2,0.7,3.5,2.8,5.6,2.2c0.9-0.2,1.5-1.9,1.5-1.9\tc0,0,0.6-1.5,2.7-0.3c1.2,0.7,3.5,2.8,5.6,2.2c0.9-0.2,1.5-1.9,1.5-1.9c0,0,0.6-1.5,2.7-0.3c1.2,0.7,3.5,2.8,5.6,2.2\tc0.9-0.2,1.5-1.9,1.5-1.9s0.6-1.5,2.7-0.3c1.2,0.7,3.5,2.8,5.6,2.2c0.9-0.2,1.5-1.9,1.5-1.9s0.6-1.5,2.7-0.3\tc1.2,0.7,3.5,2.8,5.6,2.2c0.9-0.2,1.5-1.9,1.5-1.9s0.6-1.5,2.7-0.3c1.2,0.7,3.5,2.8,5.6,2.2c0.9-0.2,1.5-1.9,1.5-1.9\tc0,0,0.6-1.5,2.7-0.3c1.2,0.7,3.5,2.8,5.6,2.2c0.9-0.2,1.5-1.9,1.5-1.9s0.6-1.5,2.7-0.3c1.2,0.7,3.5,2.8,5.6,2.2\tc0.9-0.2,1.5-1.9,1.5-1.9s0.6-1.5,2.7-0.3c1.2,0.7,3.5,2.8,5.6,2.2c0.9-0.2,1.5-1.9,1.5-1.9s0.6-1.5,2.7-0.3\tc1.2,0.7,3.5,2.8,5.6,2.2c0.9-0.2,1.5-1.9,1.5-1.9c0,0,0.6-1.5,2.7-0.3c1.2,0.7,3.5,2.8,5.6,2.2c0.9-0.2,1.5-1.9,1.5-1.9\tc0,0,0.6-1.5,2.7-0.3c1.2,0.7,3.5,2.8,5.6,2.2c0.9-0.2,1.5-1.9,1.5-1.9s0.6-1.5,2.7-0.3c1.2,0.7,3.5,2.8,5.6,2.2\tc0.9-0.2,1.5-1.9,1.5-1.9s0.6-1.5,2.7-0.3c1.2,0.7,3.5,2.8,5.6,2.2c0.9-0.2,1.5-1.9,1.5-1.9s0.6-1.5,2.7-0.3\tc1.2,0.7,3.5,2.8,5.6,2.2c0.9-0.2,1.5-1.9,1.5-1.9c0,0,0.6-1.5,2.7-0.3c1.2,0.7,3.5,2.8,5.6,2.2c0.9-0.2,1.5-1.9,1.5-1.9\ts0.6-1.5,2.7-0.3c1.2,0.7,3.5,2.8,5.6,2.2c0.9-0.2,1.5-1.9,1.5-1.9s0.6-1.5,2.7-0.3c1.2,0.7,3.5,2.8,5.6,2.2\tc0.9-0.2,1.5-1.9,1.5-1.9s0.6-1.5,2.7-0.3c1.2,0.7,3.5,2.8,5.6,2.2c0.9-0.2,1.5-1.9,1.5-1.9c0,0,0.6-1.5,2.7-0.3\tc1.2,0.7,3.5,2.8,5.6,2.2c0.9-0.2,1.5-1.9,1.5-1.9c0,0,0.6-1.5,2.7-0.3c1.2,0.7,3.5,2.8,5.6,2.2c0.9-0.2,1.5-1.9,1.5-1.9\ts0.6-1.5,2.7-0.3c1.2,0.7,3.5,2.8,5.6,2.2c0.9-0.2,1.5-1.9,1.5-1.9s0.6-1.5,2.7-0.3c1.2,0.7,3.5,2.8,5.6,2.2\tc0.9-0.2,1.5-1.9,1.5-1.9s0.6-1.5,2.7-0.3c1.2,0.7,3.5,2.8,5.6,2.2c0.9-0.2,1.5-1.9,1.5-1.9c0,0,0.6-1.5,2.7-0.3\tc1.2,0.7,3.5,2.8,5.6,2.2c0.9-0.2,1.5-1.9,1.5-1.9s0.6-1.5,2.7-0.3c1.2,0.7,3.5,2.8,5.6,2.2c0.9-0.2,1.5-1.9,1.5-1.9\ts0.6-1.5,2.7-0.3c1.2,0.7,3.5,2.8,5.6,2.2c0.9-0.2,1.5-1.9,1.5-1.9s0.6-1.5,2.7-0.3c1.2,0.7,3.5,2.8,5.6,2.2\tc0.9-0.2,1.5-1.9,1.5-1.9c0,0,0.6-1.5,2.7-0.3c1.2,0.7,3.5,2.8,5.6,2.2c0.9-0.2,1.5-1.9,1.5-1.9c0,0,0.6-1.5,2.7-0.3\tc1.2,0.7,3.5,2.8,5.6,2.2c0.9-0.2,1.5-1.9,1.5-1.9s0.6-1.5,2.7-0.3c1.2,0.7,3.5,2.8,5.6,2.2c0.9-0.2,1.5-1.9,1.5-1.9\ts0.6-1.5,2.7-0.3c1.2,0.7,3.5,2.8,5.6,2.2c0.9-0.2,1.5-1.9,1.5-1.9s0.6-1.5,2.7-0.3c1.2,0.7,3.5,2.8,5.6,2.2\tc0.9-0.2,1.5-1.9,1.5-1.9c0,0,0.6-1.5,2.7-0.3c1.2,0.7,3.5,2.8,5.6,2.2c0.9-0.2,1.5-1.9,1.5-1.9s0.6-1.5,2.7-0.3\tc1.2,0.7,3.5,2.8,5.6,2.2c0.9-0.2,1.5-1.9,1.5-1.9s0.6-1.5,2.7-0.3c1.2,0.7,3.5,2.8,5.6,2.2c0.9-0.2,1.5-1.9,1.5-1.9\ts0.6-1.5,2.7-0.3c1.2,0.7,3.5,2.8,5.6,2.2c0.9-0.2,1.5-1.9,1.5-1.9c0,0,0.6-1.5,2.7-0.3c1.2,0.7,3.5,2.8,5.6,2.2\tc0.9-0.2,1.5-1.9,1.5-1.9c0,0,0.6-1.5,2.7-0.3c1.2,0.7,3.5,2.8,5.6,2.2c0.9-0.2,1.5-1.9,1.5-1.9s0.6-1.5,2.7-0.3\tc1.2,0.7,3.5,2.8,5.6,2.2c0.9-0.2,1.5-1.9,1.5-1.9s0.6-1.5,2.7-0.3c1.2,0.7,3.5,2.8,5.6,2.2c0.9-0.2,1.5-1.9,1.5-1.9\ts0.6-1.5,2.7-0.3c1.2,0.7,3.5,2.8,5.6,2.2c0.9-0.2,1.5-1.9,1.5-1.9c0,0,0.6-1.5,2.7-0.3c1.2,0.7,3.5,2.8,5.6,2.2\tc0.9-0.2,1.5-1.9,1.5-1.9s0.6-1.5,2.7-0.3c1.2,0.7,3.5,2.8,5.6,2.2c0.9-0.2,1.5-1.9,1.5-1.9s0.6-1.5,2.7-0.3\tc1.2,0.7,3.5,2.8,5.6,2.2c0.9-0.2,1.5-1.9,1.5-1.9s0.6-1.5,2.7-0.3c1.2,0.7,3.5,2.8,5.6,2.2c0.9-0.2,1.5-1.9,1.5-1.9\tc0,0,0.6-1.5,2.7-0.3c1.2,0.7,3.5,2.8,5.6,2.2c0.9-0.2,1.5-1.9,1.5-1.9c0,0,0.6-1.5,2.7-0.3c1.2,0.7,3.5,2.8,5.6,2.2\tc0.9-0.2,1.5-1.9,1.5-1.9s0.6-1.5,2.7-0.3c1.2,0.7,3.5,2.8,5.6,2.2c0.9-0.2,1.5-1.9,1.5-1.9s0.6-1.5,2.7-0.3\tc1.2,0.7,3.5,2.8,5.6,2.2c0.9-0.2,1.5-1.9,1.5-1.9s0.6-1.5,2.7-0.3c1.2,0.7,3.5,2.8,5.6,2.2c0.9-0.2,1.5-1.9,1.5-1.9\tc0,0,0.6-1.5,2.7-0.3c1.2,0.7,3.5,2.8,5.6,2.2c0.9-0.2,1.5-1.9,1.5-1.9s0.6-1.5,2.7-0.3c1.2,0.7,3.5,2.8,5.6,2.2\tc0.9-0.2,1.5-1.9,1.5-1.9s0.6-1.5,2.7-0.3c1.2,0.7,3.5,2.8,5.6,2.2c0.9-0.2,1.5-1.9,1.5-1.9s0.6-1.5,2.7-0.3\tc1.2,0.7,3.5,2.8,5.6,2.2c0.9-0.2,1.5-1.9,1.5-1.9c0,0,0.6-1.5,2.7-0.3c1.2,0.7,3.5,2.8,5.6,2.2c0.9-0.2,1.5-1.9,1.5-1.9\tc0,0,0.6-1.5,2.7-0.3c1.2,0.7,3.5,2.8,5.6,2.2c0.9-0.2,1.5-1.9,1.5-1.9s0.6-1.5,2.7-0.3c1.2,0.7,3.5,2.8,5.6,2.2\tc0.9-0.2,1.5-1.9,1.5-1.9s0.6-1.5,2.7-0.3c1.2,0.7,3.5,2.8,5.6,2.2c0.9-0.2,1.5-1.9,1.5-1.9s0.6-1.5,2.7-0.3\tc1.2,0.7,3.5,2.8,5.6,2.2c0.9-0.2,1.5-1.9,1.5-1.9c0,0,0.6-1.5,2.7-0.3c1.2,0.7,3.5,2.8,5.6,2.2c0.9-0.2,1.5-1.9,1.5-1.9\ts0.6-1.5,2.7-0.3c1.2,0.7,3.5,2.8,5.6,2.2c0.9-0.2,1.5-1.9,1.5-1.9s0.6-1.5,2.7-0.3c1.2,0.7,3.5,2.8,5.6,2.2\tc0.9-0.2,1.5-1.9,1.5-1.9s0.6-1.5,2.7-0.3c1.2,0.7,3.5,2.8,5.6,2.2c0.9-0.2,1.5-1.9,1.5-1.9c0,0,0.6-1.5,2.7-0.3\tc1.2,0.7,3.5,2.8,5.6,2.2c0.9-0.2,1.5-1.9,1.5-1.9c0,0,0.6-1.5,2.7-0.3c1.2,0.7,3.5,2.8,5.6,2.2c0.9-0.2,1.5-1.9,1.5-1.9\ts0.6-1.5,2.7-0.3c1.2,0.7,3.5,2.8,5.6,2.2c0.9-0.2,1.5-1.9,1.5-1.9s0.6-1.5,2.7-0.3c1.2,0.7,3.5,2.8,5.6,2.2\tc0.9-0.2,1.5-1.9,1.5-1.9s0.6-1.5,2.7-0.3c1.2,0.7,3.5,2.8,5.6,2.2c0.9-0.2,1.5-1.9,1.5-1.9c0,0,0.6-1.5,2.7-0.3\tc1.2,0.7,3.5,2.8,5.6,2.2c0.9-0.2,1.5-1.9,1.5-1.9s0.6-1.5,2.7-0.3c1.2,0.7,3.5,2.8,5.6,2.2c0.9-0.2,1.5-1.9,1.5-1.9\ts0.6-1.5,2.7-0.3c1.2,0.7,3.5,2.8,5.6,2.2c0.9-0.2,1.5-1.9,1.5-1.9s0.6-1.5,2.7-0.3c1.2,0.7,3.5,2.8,5.6,2.2\tc0.9-0.2,1.5-1.9,1.5-1.9c0,0,0.6-1.5,2.7-0.3c1.2,0.7,3.5,2.8,5.6,2.2c0.9-0.2,1.5-1.9,1.5-1.9c0,0,0.6-1.5,2.7-0.3\tc1.2,0.7,3.5,2.8,5.6,2.2c0.9-0.2,1.5-1.9,1.5-1.9s0.6-1.5,2.7-0.3c1.2,0.7,3.5,2.8,5.6,2.2c0.9-0.2,1.5-1.9,1.5-1.9\ts0.6-1.5,2.7-0.3c1.2,0.7,3.5,2.8,5.6,2.2c0.9-0.2,1.5-1.9,1.5-1.9s0.6-1.5,2.7-0.3c1.2,0.7,3.5,2.8,5.6,2.2\tc0.9-0.2,1.5-1.9,1.5-1.9c0,0,0.6-1.5,2.7-0.3c1.2,0.7,3.5,2.8,5.6,2.2c0.9-0.2,1.5-1.9,1.5-1.9s0.6-1.5,2.7-0.3\tc1.2,0.7,3.5,2.8,5.6,2.2c0.9-0.2,1.5-1.9,1.5-1.9s0.6-1.5,2.7-0.3c1.2,0.7,3.5,2.8,5.6,2.2c0.9-0.2,1.5-1.9,1.5-1.9\ts0.6-1.5,2.7-0.3c1.2,0.7,3.5,2.8,5.6,2.2c0.9-0.2,1.5-1.9,1.5-1.9c0,0,0.6-1.5,2.7-0.3c1.2,0.7,3.5,2.8,5.6,2.2\tc0.9-0.2,1.5-1.9,1.5-1.9c0,0,0.6-1.5,2.7-0.3c1.2,0.7,3.5,2.8,5.6,2.2c0.9-0.2,1.5-1.9,1.5-1.9s0.6-1.5,2.7-0.3\tc1.2,0.7,3.5,2.8,5.6,2.2c0.9-0.2,1.5-1.9,1.5-1.9s0.6-1.5,2.7-0.3c1.2,0.7,3.5,2.8,5.6,2.2c0.9-0.2,1.5-1.9,1.5-1.9\ts0.6-1.5,2.7-0.3c1.2,0.7,3.5,2.8,5.6,2.2c0.9-0.2,1.5-1.9,1.5-1.9c0,0,0.6-1.5,2.7-0.3c1.2,0.7,3.5,2.8,5.6,2.2\tc0.9-0.2,1.5-1.9,1.5-1.9s0.6-1.5,2.7-0.3c1.2,0.7,3.5,2.8,5.6,2.2c0.9-0.2,1.5-1.9,1.5-1.9s0.6-1.5,2.7-0.3\tc1.2,0.7,3.5,2.8,5.6,2.2c0.9-0.2,1.5-1.9,1.5-1.9s0.6-1.5,2.7-0.3c1.2,0.7,3.5,2.8,5.6,2.2c0.9-0.2,1.5-1.9,1.5-1.9\tc0,0,0.6-1.5,2.7-0.3c1.2,0.7,3.5,2.8,5.6,2.2c0.9-0.2,1.5-1.9,1.5-1.9c0,0,0.6-1.5,2.7-0.3c1.2,0.7,3.5,2.8,5.6,2.2\tc0.9-0.2,1.5-1.9,1.5-1.9s0.6-1.5,2.7-0.3c1.2,0.7,3.5,2.8,5.6,2.2c0.9-0.2,1.5-1.9,1.5-1.9s0.6-1.5,2.7-0.3\tc1.2,0.7,3.5,2.8,5.6,2.2c0.9-0.2,1.5-1.9,1.5-1.9s0.6-1.5,2.6-0.4V0z M2.5,1.2C2.5,1.2,2.5,1.2,2.5,1.2C2.5,1.2,2.5,1.2,2.5,1.2z M2.7,1.4c0.1,0,0.1,0.1,0.1,0.1C2.8,1.4,2.8,1.4,2.7,1.4z\"\/>\n<\/svg>\t\t<\/div>\n\t\t<div class=\"elementor-element elementor-element-a80731d e-con-full e-flex e-con e-child\" data-id=\"a80731d\" data-element_type=\"container\">\n\t\t\t\t<div class=\"elementor-element elementor-element-5c8e571 elementor-widget__width-inherit elementor-widget elementor-widget-image\" data-id=\"5c8e571\" data-element_type=\"widget\" data-widget_type=\"image.default\">\n\t\t\t\t\t\t\t\t\t\t\t\t\t\t\t<img fetchpriority=\"high\" decoding=\"async\" width=\"1024\" height=\"577\" src=\"https:\/\/hunosinka.com\/wp-content\/uploads\/2025\/07\/20161209_101050-1.jpg\" class=\"attachment-large size-large wp-image-158\" alt=\"\" \/>\t\t\t\t\t\t\t\t\t\t\t\t\t\t\t<\/div>\n\t\t\t\t<\/div>\n\t\t<div class=\"elementor-element elementor-element-0d5ce9f e-con-full e-flex e-con e-child\" data-id=\"0d5ce9f\" data-element_type=\"container\">\n\t\t\t\t<div class=\"elementor-element elementor-element-5358b59 elementor-widget elementor-widget-text-editor\" data-id=\"5358b59\" data-element_type=\"widget\" data-widget_type=\"text-editor.default\">\n\t\t\t\t\t\t\t\t\t<p class=\"MsoNormal\"><strong><span style=\"font-size: 12.0pt; line-height: 107%; font-family: 'Bodoni MT Black',serif; mso-ansi-language: ES-PE;\">VISI\u00d3N<\/span><\/strong><\/p><p class=\"MsoNormal\" style=\"text-align: justify;\"><span style=\"font-size: 12.0pt; line-height: 107%; font-family: 'Calisto MT',serif; mso-ansi-language: ES-PE;\">Al 2030, ser la empresa l\u00edder en el mercado de abastecimiento de tecnolog\u00eda agr\u00edcola y productos agropecuarios as\u00ed como consultor\u00edas en proyectos para<br \/>ayudar a maximizar el rendimiento en los procesos de producci\u00f3n sostenibles de la Amazon\u00eda Peruana.<\/span><\/p><p class=\"MsoNormal\"><strong><span style=\"font-size: 12.0pt; line-height: 107%; font-family: 'Bodoni MT Black',serif; mso-ansi-language: ES-PE;\">MISI\u00d3N<\/span><\/strong><\/p><p class=\"MsoNormal\" style=\"text-align: justify;\"><span style=\"font-size: 12.0pt; line-height: 107%; font-family: 'Calisto MT',serif; mso-ansi-language: ES-PE;\">Somos una empresa de abastecimiento de tecnolog\u00eda agr\u00edcola productos agropecuarios<br \/>con un valor potenciado de servicios de consultor\u00eda con un staff capacitado y comprometido con nuestros socios aliados y compradores que buscan adquirir<br \/>productos de calidad y alto rendimiento que promuevan sus iniciativas de mejora optimizada de la producci\u00f3n agr\u00edcola, pecuaria y forestal, propiciando una mejor calidad de vida de los productores en la regi\u00f3n amaz\u00f3nica.<\/span><\/p><p class=\"MsoNormal\" style=\"text-align: justify;\"><strong><span style=\"font-size: 12.0pt; line-height: 107%; font-family: 'Bodoni MT Black',serif; mso-ansi-language: ES-PE;\">NUESTROS VALORES<\/span><\/strong><\/p><p class=\"MsoNormal\" style=\"text-align: justify;\"><span style=\"font-size: 12.0pt; line-height: 107%; font-family: 'Calisto MT',serif; mso-ansi-language: ES-PE;\">Trabajo, Respeto, Confianza, Transparencia y Puntualidad.<\/span><\/p>\t\t\t\t\t\t\t\t<\/div>\n\t\t\t\t<\/div>\n\t\t\t\t\t<\/div>\n\t\t\t\t<\/div>\n\t\t<div class=\"elementor-element elementor-element-5df24b0 e-flex e-con-boxed e-con e-parent\" data-id=\"5df24b0\" data-element_type=\"container\">\n\t\t\t\t\t<div class=\"e-con-inner\">\n\t\t\t\t<div class=\"elementor-element elementor-element-3682dc5 elementor-arrows-position-inside elementor-pagination-position-outside elementor-widget elementor-widget-image-carousel\" data-id=\"3682dc5\" data-element_type=\"widget\" data-settings=\"{&quot;image_spacing_custom&quot;:{&quot;unit&quot;:&quot;px&quot;,&quot;size&quot;:63,&quot;sizes&quot;:[]},&quot;navigation&quot;:&quot;both&quot;,&quot;autoplay&quot;:&quot;yes&quot;,&quot;pause_on_hover&quot;:&quot;yes&quot;,&quot;pause_on_interaction&quot;:&quot;yes&quot;,&quot;autoplay_speed&quot;:5000,&quot;infinite&quot;:&quot;yes&quot;,&quot;speed&quot;:500,&quot;image_spacing_custom_tablet&quot;:{&quot;unit&quot;:&quot;px&quot;,&quot;size&quot;:&quot;&quot;,&quot;sizes&quot;:[]},&quot;image_spacing_custom_mobile&quot;:{&quot;unit&quot;:&quot;px&quot;,&quot;size&quot;:&quot;&quot;,&quot;sizes&quot;:[]}}\" data-widget_type=\"image-carousel.default\">\n\t\t\t\t\t\t\t<div class=\"elementor-image-carousel-wrapper swiper\" role=\"region\" aria-roledescription=\"carousel\" aria-label=\"Carrusel de im\u00e1genes\" dir=\"ltr\">\n\t\t\t<div class=\"elementor-image-carousel swiper-wrapper\" aria-live=\"off\">\n\t\t\t\t\t\t\t\t<div class=\"swiper-slide\" role=\"group\" aria-roledescription=\"slide\" aria-label=\"1 de 3\"><figure class=\"swiper-slide-inner\"><img decoding=\"async\" class=\"swiper-slide-image\" src=\"https:\/\/hunosinka.com\/wp-content\/uploads\/2025\/07\/Imagen-de-WhatsApp-2025-07-26-a-las-01.26.45_3e76fbe4-1.jpg\" alt=\"Imagen de WhatsApp 2025-07-26 a las 01.26.45_3e76fbe4 (1)\" \/><\/figure><\/div><div class=\"swiper-slide\" role=\"group\" aria-roledescription=\"slide\" aria-label=\"2 de 3\"><figure class=\"swiper-slide-inner\"><img decoding=\"async\" class=\"swiper-slide-image\" src=\"https:\/\/hunosinka.com\/wp-content\/uploads\/2025\/07\/TMIB0920.jpg\" alt=\"TMIB0920\" \/><\/figure><\/div><div class=\"swiper-slide\" role=\"group\" aria-roledescription=\"slide\" aria-label=\"3 de 3\"><figure class=\"swiper-slide-inner\"><img decoding=\"async\" class=\"swiper-slide-image\" src=\"https:\/\/hunosinka.com\/wp-content\/uploads\/2025\/07\/490223968_4103421266601269_5438473236657250683_n.jpg\" alt=\"490223968_4103421266601269_5438473236657250683_n\" \/><\/figure><\/div>\t\t\t<\/div>\n\t\t\t\t\t\t\t\t\t\t\t\t<div class=\"elementor-swiper-button elementor-swiper-button-prev\" role=\"button\" tabindex=\"0\">\n\t\t\t\t\t\t<svg aria-hidden=\"true\" class=\"e-font-icon-svg e-eicon-chevron-left\" viewBox=\"0 0 1000 1000\" xmlns=\"http:\/\/www.w3.org\/2000\/svg\"><path d=\"M646 125C629 125 613 133 604 142L308 442C296 454 292 471 292 487 292 504 296 521 308 533L604 854C617 867 629 875 646 875 663 875 679 871 692 858 704 846 713 829 713 812 713 796 708 779 692 767L438 487 692 225C700 217 708 204 708 187 708 171 704 154 692 142 675 129 663 125 646 125Z\"><\/path><\/svg>\t\t\t\t\t<\/div>\n\t\t\t\t\t<div class=\"elementor-swiper-button elementor-swiper-button-next\" role=\"button\" tabindex=\"0\">\n\t\t\t\t\t\t<svg aria-hidden=\"true\" class=\"e-font-icon-svg e-eicon-chevron-right\" viewBox=\"0 0 1000 1000\" xmlns=\"http:\/\/www.w3.org\/2000\/svg\"><path d=\"M696 533C708 521 713 504 713 487 713 471 708 454 696 446L400 146C388 133 375 125 354 125 338 125 325 129 313 142 300 154 292 171 292 187 292 204 296 221 308 233L563 492 304 771C292 783 288 800 288 817 288 833 296 850 308 863 321 871 338 875 354 875 371 875 388 867 400 854L696 533Z\"><\/path><\/svg>\t\t\t\t\t<\/div>\n\t\t\t\t\n\t\t\t\t\t\t\t\t\t<div class=\"swiper-pagination\"><\/div>\n\t\t\t\t\t\t\t\t\t<\/div>\n\t\t\t\t\t\t<\/div>\n\t\t\t\t\t<\/div>\n\t\t\t\t<\/div>\n\t\t<div class=\"elementor-element elementor-element-2d62256 e-flex e-con-boxed e-con e-parent\" data-id=\"2d62256\" data-element_type=\"container\">\n\t\t\t\t\t<div class=\"e-con-inner\">\n\t\t<div class=\"elementor-element elementor-element-b3df4e5 e-con-full e-flex e-con e-child\" data-id=\"b3df4e5\" data-element_type=\"container\">\n\t\t\t\t<div class=\"elementor-element elementor-element-8d2533f elementor-widget elementor-widget-image\" data-id=\"8d2533f\" data-element_type=\"widget\" data-widget_type=\"image.default\">\n\t\t\t\t\t\t\t\t\t\t\t\t\t\t\t<img decoding=\"async\" width=\"750\" height=\"569\" src=\"https:\/\/hunosinka.com\/wp-content\/uploads\/2025\/07\/IMG_E2912.jpg\" class=\"attachment-large size-large wp-image-177\" alt=\"\" \/>\t\t\t\t\t\t\t\t\t\t\t\t\t\t\t<\/div>\n\t\t\t\t<\/div>\n\t\t<div class=\"elementor-element elementor-element-f15666d e-con-full e-flex e-con e-child\" data-id=\"f15666d\" data-element_type=\"container\">\n\t\t\t\t<div class=\"elementor-element elementor-element-8c2bcbe elementor-widget elementor-widget-text-editor\" data-id=\"8c2bcbe\" data-element_type=\"widget\" data-widget_type=\"text-editor.default\">\n\t\t\t\t\t\t\t\t\t<p><span style=\"font-size: 12.0pt; line-height: 107%; font-family: 'Arial',sans-serif; mso-fareast-font-family: Calibri; mso-fareast-theme-font: minor-latin; mso-ansi-language: ES-PE; mso-fareast-language: EN-US; mso-bidi-language: AR-SA;\">HUNOSINKA EIRL es una Empresa Peruana que naci\u00f3 en el a\u00f1o 2022 con el impulso inicial de j\u00f3venes checos, hungaros y peruanos los cuales implementaban iniciativas colaborativas para el desarrollo de la amazonia peruana. Habi\u00e9ndose consolidado en la regi\u00f3n amaz\u00f3nica y apuntando a ser una empresa l\u00edder en la venta digital de productos con la estrategia de br\u00f3ker para la canalizaci\u00f3n, conducci\u00f3n y articulaci\u00f3n de tecnolog\u00edas de vanguardia para desarrollo de la amazonia.<\/span><\/p>\t\t\t\t\t\t\t\t<\/div>\n\t\t\t\t<\/div>\n\t\t\t\t\t<\/div>\n\t\t\t\t<\/div>\n\t\t<div class=\"elementor-element elementor-element-e959a00 e-flex e-con-boxed e-con e-parent\" data-id=\"e959a00\" data-element_type=\"container\">\n\t\t\t\t\t<div class=\"e-con-inner\">\n\t\t\t\t<div class=\"elementor-element elementor-element-f62a9dc elementor-widget elementor-widget-heading\" data-id=\"f62a9dc\" data-element_type=\"widget\" data-widget_type=\"heading.default\">\n\t\t\t\t\t<h2 class=\"elementor-heading-title elementor-size-default\">CONSULTORIAS<\/h2>\t\t\t\t<\/div>\n\t\t\t\t\t<\/div>\n\t\t\t\t<\/div>\n\t\t<div class=\"elementor-element elementor-element-0fbdabd e-flex e-con-boxed e-con e-parent\" data-id=\"0fbdabd\" data-element_type=\"container\">\n\t\t\t\t\t<div class=\"e-con-inner\">\n\t\t\t\t<div class=\"elementor-element elementor-element-0db1de2 elementor-arrows-position-inside elementor-pagination-position-outside elementor-widget elementor-widget-image-carousel\" data-id=\"0db1de2\" data-element_type=\"widget\" data-settings=\"{&quot;image_spacing_custom&quot;:{&quot;unit&quot;:&quot;px&quot;,&quot;size&quot;:13,&quot;sizes&quot;:[]},&quot;navigation&quot;:&quot;both&quot;,&quot;autoplay&quot;:&quot;yes&quot;,&quot;pause_on_hover&quot;:&quot;yes&quot;,&quot;pause_on_interaction&quot;:&quot;yes&quot;,&quot;autoplay_speed&quot;:5000,&quot;infinite&quot;:&quot;yes&quot;,&quot;speed&quot;:500,&quot;image_spacing_custom_tablet&quot;:{&quot;unit&quot;:&quot;px&quot;,&quot;size&quot;:&quot;&quot;,&quot;sizes&quot;:[]},&quot;image_spacing_custom_mobile&quot;:{&quot;unit&quot;:&quot;px&quot;,&quot;size&quot;:&quot;&quot;,&quot;sizes&quot;:[]}}\" data-widget_type=\"image-carousel.default\">\n\t\t\t\t\t\t\t<div class=\"elementor-image-carousel-wrapper swiper\" role=\"region\" aria-roledescription=\"carousel\" aria-label=\"Carrusel de im\u00e1genes\" dir=\"ltr\">\n\t\t\t<div class=\"elementor-image-carousel swiper-wrapper\" aria-live=\"off\">\n\t\t\t\t\t\t\t\t<div class=\"swiper-slide\" role=\"group\" aria-roledescription=\"slide\" aria-label=\"1 de 12\"><figure class=\"swiper-slide-inner\"><img decoding=\"async\" class=\"swiper-slide-image\" src=\"https:\/\/hunosinka.com\/wp-content\/uploads\/2025\/07\/DSC1346.jpg\" alt=\"_DSC1346\" \/><\/figure><\/div><div class=\"swiper-slide\" role=\"group\" aria-roledescription=\"slide\" aria-label=\"2 de 12\"><figure class=\"swiper-slide-inner\"><img decoding=\"async\" class=\"swiper-slide-image\" src=\"https:\/\/hunosinka.com\/wp-content\/uploads\/2025\/07\/DSC3284.jpg\" alt=\"_DSC3284\" \/><\/figure><\/div><div class=\"swiper-slide\" role=\"group\" aria-roledescription=\"slide\" aria-label=\"3 de 12\"><figure class=\"swiper-slide-inner\"><img decoding=\"async\" class=\"swiper-slide-image\" src=\"https:\/\/hunosinka.com\/wp-content\/uploads\/2025\/07\/DSC3300.jpg\" alt=\"_DSC3300\" \/><\/figure><\/div><div class=\"swiper-slide\" role=\"group\" aria-roledescription=\"slide\" aria-label=\"4 de 12\"><figure class=\"swiper-slide-inner\"><img decoding=\"async\" class=\"swiper-slide-image\" src=\"https:\/\/hunosinka.com\/wp-content\/uploads\/2025\/07\/1559706317166.jpg\" alt=\"1559706317166\" \/><\/figure><\/div><div class=\"swiper-slide\" role=\"group\" aria-roledescription=\"slide\" aria-label=\"5 de 12\"><figure class=\"swiper-slide-inner\"><img decoding=\"async\" class=\"swiper-slide-image\" src=\"https:\/\/hunosinka.com\/wp-content\/uploads\/2025\/07\/1559706317291.jpg\" alt=\"1559706317291\" \/><\/figure><\/div><div class=\"swiper-slide\" role=\"group\" aria-roledescription=\"slide\" aria-label=\"6 de 12\"><figure class=\"swiper-slide-inner\"><img decoding=\"async\" class=\"swiper-slide-image\" src=\"https:\/\/hunosinka.com\/wp-content\/uploads\/2025\/07\/1573087171953.jpg\" alt=\"1573087171953\" \/><\/figure><\/div><div class=\"swiper-slide\" role=\"group\" aria-roledescription=\"slide\" aria-label=\"7 de 12\"><figure class=\"swiper-slide-inner\"><img decoding=\"async\" class=\"swiper-slide-image\" src=\"https:\/\/hunosinka.com\/wp-content\/uploads\/2025\/07\/1573087172458.jpg\" alt=\"1573087172458\" \/><\/figure><\/div><div class=\"swiper-slide\" role=\"group\" aria-roledescription=\"slide\" aria-label=\"8 de 12\"><figure class=\"swiper-slide-inner\"><img decoding=\"async\" class=\"swiper-slide-image\" src=\"https:\/\/hunosinka.com\/wp-content\/uploads\/2025\/07\/1575255175524.jpg\" alt=\"1575255175524\" \/><\/figure><\/div><div class=\"swiper-slide\" role=\"group\" aria-roledescription=\"slide\" aria-label=\"9 de 12\"><figure class=\"swiper-slide-inner\"><img decoding=\"async\" class=\"swiper-slide-image\" src=\"https:\/\/hunosinka.com\/wp-content\/uploads\/2025\/07\/IMG_2677-scaled.jpg\" alt=\"IMG_2677\" \/><\/figure><\/div><div class=\"swiper-slide\" role=\"group\" aria-roledescription=\"slide\" aria-label=\"10 de 12\"><figure class=\"swiper-slide-inner\"><img decoding=\"async\" class=\"swiper-slide-image\" src=\"https:\/\/hunosinka.com\/wp-content\/uploads\/2025\/07\/IMG_2694.jpg\" alt=\"IMG_2694\" \/><\/figure><\/div><div class=\"swiper-slide\" role=\"group\" aria-roledescription=\"slide\" aria-label=\"11 de 12\"><figure class=\"swiper-slide-inner\"><img decoding=\"async\" class=\"swiper-slide-image\" src=\"https:\/\/hunosinka.com\/wp-content\/uploads\/2025\/07\/IMG_20200310_102702-scaled.jpg\" alt=\"edf\" \/><\/figure><\/div><div class=\"swiper-slide\" role=\"group\" aria-roledescription=\"slide\" aria-label=\"12 de 12\"><figure class=\"swiper-slide-inner\"><img decoding=\"async\" class=\"swiper-slide-image\" src=\"https:\/\/hunosinka.com\/wp-content\/uploads\/2025\/07\/IMG_20200313_163349-scaled.jpg\" alt=\"edf\" \/><\/figure><\/div>\t\t\t<\/div>\n\t\t\t\t\t\t\t\t\t\t\t\t<div class=\"elementor-swiper-button elementor-swiper-button-prev\" role=\"button\" tabindex=\"0\">\n\t\t\t\t\t\t<svg aria-hidden=\"true\" class=\"e-font-icon-svg e-eicon-chevron-left\" viewBox=\"0 0 1000 1000\" xmlns=\"http:\/\/www.w3.org\/2000\/svg\"><path d=\"M646 125C629 125 613 133 604 142L308 442C296 454 292 471 292 487 292 504 296 521 308 533L604 854C617 867 629 875 646 875 663 875 679 871 692 858 704 846 713 829 713 812 713 796 708 779 692 767L438 487 692 225C700 217 708 204 708 187 708 171 704 154 692 142 675 129 663 125 646 125Z\"><\/path><\/svg>\t\t\t\t\t<\/div>\n\t\t\t\t\t<div class=\"elementor-swiper-button elementor-swiper-button-next\" role=\"button\" tabindex=\"0\">\n\t\t\t\t\t\t<svg aria-hidden=\"true\" class=\"e-font-icon-svg e-eicon-chevron-right\" viewBox=\"0 0 1000 1000\" xmlns=\"http:\/\/www.w3.org\/2000\/svg\"><path d=\"M696 533C708 521 713 504 713 487 713 471 708 454 696 446L400 146C388 133 375 125 354 125 338 125 325 129 313 142 300 154 292 171 292 187 292 204 296 221 308 233L563 492 304 771C292 783 288 800 288 817 288 833 296 850 308 863 321 871 338 875 354 875 371 875 388 867 400 854L696 533Z\"><\/path><\/svg>\t\t\t\t\t<\/div>\n\t\t\t\t\n\t\t\t\t\t\t\t\t\t<div class=\"swiper-pagination\"><\/div>\n\t\t\t\t\t\t\t\t\t<\/div>\n\t\t\t\t\t\t<\/div>\n\t\t\t\t\t<\/div>\n\t\t\t\t<\/div>\n\t\t\t\t<\/div>\n\t\t","protected":false},"excerpt":{"rendered":"<p>VISI\u00d3N Al 2030, ser la empresa l\u00edder en el mercado de abastecimiento de tecnolog\u00eda agr\u00edcola y productos agropecuarios as\u00ed como consultor\u00edas en proyectos paraayudar a maximizar el rendimiento en los&hellip;<\/p>\n","protected":false},"author":1,"featured_media":0,"parent":0,"menu_order":0,"comment_status":"closed","ping_status":"closed","template":"","meta":{"footnotes":""},"class_list":["post-119","page","type-page","status-publish","hentry"],"_links":{"self":[{"href":"https:\/\/hunosinka.com\/index.php?rest_route=\/wp\/v2\/pages\/119","targetHints":{"allow":["GET"]}}],"collection":[{"href":"https:\/\/hunosinka.com\/index.php?rest_route=\/wp\/v2\/pages"}],"about":[{"href":"https:\/\/hunosinka.com\/index.php?rest_route=\/wp\/v2\/types\/page"}],"author":[{"embeddable":true,"href":"https:\/\/hunosinka.com\/index.php?rest_route=\/wp\/v2\/users\/1"}],"replies":[{"embeddable":true,"href":"https:\/\/hunosinka.com\/index.php?rest_route=%2Fwp%2Fv2%2Fcomments&post=119"}],"version-history":[{"count":25,"href":"https:\/\/hunosinka.com\/index.php?rest_route=\/wp\/v2\/pages\/119\/revisions"}],"predecessor-version":[{"id":202,"href":"https:\/\/hunosinka.com\/index.php?rest_route=\/wp\/v2\/pages\/119\/revisions\/202"}],"wp:attachment":[{"href":"https:\/\/hunosinka.com\/index.php?rest_route=%2Fwp%2Fv2%2Fmedia&parent=119"}],"curies":[{"name":"wp","href":"https:\/\/api.w.org\/{rel}","templated":true}]}}